

{"id":191,"date":"2015-08-07T07:08:04","date_gmt":"2015-08-07T07:08:04","guid":{"rendered":"http:\/\/inkthemes.com\/wptheme\/accounting-wordpress-theme\/?page_id=191"},"modified":"2021-08-03T11:48:37","modified_gmt":"2021-08-03T11:48:37","slug":"compilations-reviews","status":"publish","type":"page","link":"http:\/\/rspont.hr\/?page_id=191","title":{"rendered":"Ra\u010dunovodstvo"},"content":{"rendered":"\n<p><\/p>\n\n\n\n<p>Neovisno o veli\u010dini dru\u0161tva educirani smo i osposobljeni za vo\u0111enje poslova iz domene kompletnog ra\u010dunovodstva odnosno vo\u0111enje knjigovodstvenih evidencija, dnevnika, pomo\u0107nih knjiga, izradu zavr\u0161nih ra\u010duna, sastavljanje i predaja poreznih izvje\u0161\u0107a.<\/p>\n\n\n\n<p><\/p>\n\n\n\n<p>Pratimo trendove digitalizacije s ciljem da svi podaci budu obra\u0111eni na dnevnoj bazi uz \u0161to manje ili po mogu\u0107nosti bez papira.<\/p>\n\n\n\n<p><\/p>\n\n\n\n<p>Pru\u017eamo usluge nadzora, savjetovanje te organizacije ra\u010dunovodstvenih poslova te uspostavljanje tro\u0161kovnog i upravlja\u010dkog ra\u010dunovodstva.<\/p>\n\n\n\n<p><\/p>\n\n\n\n<p>Dostupni smo za sve Va\u0161e upite. <\/p>\n","protected":false},"excerpt":{"rendered":"<p>Neovisno o veli\u010dini dru\u0161tva educirani smo i osposobljeni za vo\u0111enje poslova iz domene kompletnog ra\u010dunovodstva odnosno vo\u0111enje knjigovodstvenih evidencija, dnevnika, pomo\u0107nih knjiga, izradu zavr\u0161nih ra\u010duna, sastavljanje i predaja poreznih izvje\u0161\u0107a. Pratimo trendove digitalizacije s ciljem da svi podaci budu obra\u0111eni na dnevnoj bazi uz \u0161to manje ili po mogu\u0107nosti bez papira. Pru\u017eamo usluge nadzora, savjetovanje [&hellip;]<\/p>\n","protected":false},"author":1,"featured_media":247,"parent":0,"menu_order":0,"comment_status":"closed","ping_status":"closed","template":"","meta":{"footnotes":""},"class_list":["post-191","page","type-page","status-publish","has-post-thumbnail","hentry"],"_links":{"self":[{"href":"http:\/\/rspont.hr\/index.php?rest_route=\/wp\/v2\/pages\/191","targetHints":{"allow":["GET"]}}],"collection":[{"href":"http:\/\/rspont.hr\/index.php?rest_route=\/wp\/v2\/pages"}],"about":[{"href":"http:\/\/rspont.hr\/index.php?rest_route=\/wp\/v2\/types\/page"}],"author":[{"embeddable":true,"href":"http:\/\/rspont.hr\/index.php?rest_route=\/wp\/v2\/users\/1"}],"replies":[{"embeddable":true,"href":"http:\/\/rspont.hr\/index.php?rest_route=%2Fwp%2Fv2%2Fcomments&post=191"}],"version-history":[{"count":3,"href":"http:\/\/rspont.hr\/index.php?rest_route=\/wp\/v2\/pages\/191\/revisions"}],"predecessor-version":[{"id":366,"href":"http:\/\/rspont.hr\/index.php?rest_route=\/wp\/v2\/pages\/191\/revisions\/366"}],"wp:featuredmedia":[{"embeddable":true,"href":"http:\/\/rspont.hr\/index.php?rest_route=\/"}],"wp:attachment":[{"href":"http:\/\/rspont.hr\/index.php?rest_route=%2Fwp%2Fv2%2Fmedia&parent=191"}],"curies":[{"name":"wp","href":"https:\/\/api.w.org\/{rel}","templated":true}]}}