

{"id":294,"date":"2021-07-20T20:13:05","date_gmt":"2021-07-20T20:13:05","guid":{"rendered":"http:\/\/rspont.hr\/?page_id=294"},"modified":"2021-11-04T07:49:29","modified_gmt":"2021-11-04T07:49:29","slug":"obracun-placa-i-honorara","status":"publish","type":"page","link":"http:\/\/rspont.hr\/?page_id=294","title":{"rendered":"Obra\u010dun pla\u0107a i honorara"},"content":{"rendered":"\n<p>Obra\u010dun pla\u0107a i honorara predstavlja jednu od bitnijih ra\u010dunovodstvenu usluga samim time jer se ti\u010de osobnih primanja djelatnika.<\/p>\n\n\n\n<p>S tog aspekta potrebno je klijentu osigurati:<\/p>\n\n\n\n<ul class=\"wp-block-list\"><li><strong>Pouzdanost<\/strong><\/li><\/ul>\n\n\n\n<ul class=\"wp-block-list\"><li>To\u010dnost<\/li><\/ul>\n\n\n\n<ul class=\"wp-block-list\"><li><strong>Sigurnost<\/strong><\/li><\/ul>\n\n\n\n<ul class=\"wp-block-list\"><li>Tajnost<\/li><\/ul>\n\n\n\n<ul class=\"wp-block-list\"><li><strong>Stru\u010dnost<\/strong><\/li><\/ul>\n\n\n\n<p>Sve navedeno odra\u0111ujemo s punom pa\u017enjom na zadovoljstvo klijenta.<\/p>\n\n\n\n<p><\/p>\n\n\n\n<p>Obra\u010dun pla\u0107a uklju\u010duje:<\/p>\n\n\n\n<ul class=\"wp-block-list\"><li>Obra\u010dun pla\u0107a te pla\u0107a u naravi<\/li><\/ul>\n\n\n\n<ul class=\"wp-block-list\"><li>Obra\u010dun bolovanja i ostalih naknada pla\u0107e<\/li><\/ul>\n\n\n\n<ul class=\"wp-block-list\"><li>Obustava pla\u0107e<\/li><\/ul>\n\n\n\n<ul class=\"wp-block-list\"><li>Obra\u010duni stimulacija i dodataka<\/li><\/ul>\n\n\n\n<ul class=\"wp-block-list\"><li>Kreiranje virmana<\/li><\/ul>\n\n\n\n<ul class=\"wp-block-list\"><li>Kreiranje i predaja JOPPD obrazaca<\/li><\/ul>\n\n\n\n<ul class=\"wp-block-list\"><li>Izrada RAD-1G obrazaca<\/li><\/ul>\n\n\n\n<ul class=\"wp-block-list\"><li>Obra\u010dun autorskih ugovora<\/li><\/ul>\n\n\n\n<ul class=\"wp-block-list\"><li>Obra\u010dun ugovora o djelu<\/li><\/ul>\n\n\n\n<ul class=\"wp-block-list\"><li>Obra\u010dun dnevnica i dr.<\/li><\/ul>\n\n\n\n<p><\/p>\n","protected":false},"excerpt":{"rendered":"<p>Obra\u010dun pla\u0107a i honorara predstavlja jednu od bitnijih ra\u010dunovodstvenu usluga samim time jer se ti\u010de osobnih primanja djelatnika. S tog aspekta potrebno je klijentu osigurati: Pouzdanost To\u010dnost Sigurnost Tajnost Stru\u010dnost Sve navedeno odra\u0111ujemo s punom pa\u017enjom na zadovoljstvo klijenta. Obra\u010dun pla\u0107a uklju\u010duje: Obra\u010dun pla\u0107a te pla\u0107a u naravi Obra\u010dun bolovanja i ostalih naknada pla\u0107e Obustava [&hellip;]<\/p>\n","protected":false},"author":1,"featured_media":0,"parent":0,"menu_order":0,"comment_status":"closed","ping_status":"closed","template":"","meta":{"footnotes":""},"class_list":["post-294","page","type-page","status-publish","hentry"],"_links":{"self":[{"href":"http:\/\/rspont.hr\/index.php?rest_route=\/wp\/v2\/pages\/294","targetHints":{"allow":["GET"]}}],"collection":[{"href":"http:\/\/rspont.hr\/index.php?rest_route=\/wp\/v2\/pages"}],"about":[{"href":"http:\/\/rspont.hr\/index.php?rest_route=\/wp\/v2\/types\/page"}],"author":[{"embeddable":true,"href":"http:\/\/rspont.hr\/index.php?rest_route=\/wp\/v2\/users\/1"}],"replies":[{"embeddable":true,"href":"http:\/\/rspont.hr\/index.php?rest_route=%2Fwp%2Fv2%2Fcomments&post=294"}],"version-history":[{"count":3,"href":"http:\/\/rspont.hr\/index.php?rest_route=\/wp\/v2\/pages\/294\/revisions"}],"predecessor-version":[{"id":392,"href":"http:\/\/rspont.hr\/index.php?rest_route=\/wp\/v2\/pages\/294\/revisions\/392"}],"wp:attachment":[{"href":"http:\/\/rspont.hr\/index.php?rest_route=%2Fwp%2Fv2%2Fmedia&parent=294"}],"curies":[{"name":"wp","href":"https:\/\/api.w.org\/{rel}","templated":true}]}}