

{"id":189,"date":"2015-08-07T07:07:03","date_gmt":"2015-08-07T07:07:03","guid":{"rendered":"http:\/\/inkthemes.com\/wptheme\/accounting-wordpress-theme\/?page_id=189"},"modified":"2022-08-16T09:55:17","modified_gmt":"2022-08-16T07:55:17","slug":"sec-reporting","status":"publish","type":"page","link":"https:\/\/rspont.hr\/?page_id=189","title":{"rendered":"Izvje\u0161tavanje i analize"},"content":{"rendered":"<p id=\"post-269\" style=\"text-align: justify;\">\n<p style=\"text-align: justify;\">\u017delite dobiti informacije u realnom vremenu, kako bi saznali \u0161to se doga\u0111a s poslovanje, kakvi su trendovi.<\/p>\n<p>Izvje\u0161tavanje i analize prvotno zahtijevaju pripremu organizacijske strukture, uspostavljanje rada ra\u010dunovodstva za br\u017eu i kvalitetniju obradu podataka, definiranje radnih procesa te priprema ciljanih izvje\u0161taja za odre\u0111enu skupinu korisnika.<\/p>\n<p>Organizacija gore navedenog jedan je od slo\u017eenijih procesa svakog dru\u0161tva me\u0111utim isto osigurava kvalitetnu podlogu za dono\u0161enje poslovnih odluka i razvoj samog dru\u0161tva.<\/p>\n<p><strong>Javite nam se s povjerenjem.<\/strong><\/p>\n<p style=\"text-align: justify;\">\n","protected":false},"excerpt":{"rendered":"<p>\u017delite dobiti informacije u realnom vremenu, kako bi saznali \u0161to se doga\u0111a s poslovanje, kakvi su trendovi. Izvje\u0161tavanje i analize prvotno zahtijevaju pripremu organizacijske strukture, uspostavljanje rada ra\u010dunovodstva za br\u017eu i kvalitetniju obradu podataka, definiranje radnih procesa te priprema ciljanih izvje\u0161taja za odre\u0111enu skupinu korisnika. Organizacija gore navedenog jedan je od slo\u017eenijih procesa svakog dru\u0161tva [&hellip;]<\/p>\n","protected":false},"author":1,"featured_media":251,"parent":0,"menu_order":0,"comment_status":"closed","ping_status":"closed","template":"","meta":{"footnotes":""},"class_list":["post-189","page","type-page","status-publish","has-post-thumbnail","hentry"],"_links":{"self":[{"href":"https:\/\/rspont.hr\/index.php?rest_route=\/wp\/v2\/pages\/189","targetHints":{"allow":["GET"]}}],"collection":[{"href":"https:\/\/rspont.hr\/index.php?rest_route=\/wp\/v2\/pages"}],"about":[{"href":"https:\/\/rspont.hr\/index.php?rest_route=\/wp\/v2\/types\/page"}],"author":[{"embeddable":true,"href":"https:\/\/rspont.hr\/index.php?rest_route=\/wp\/v2\/users\/1"}],"replies":[{"embeddable":true,"href":"https:\/\/rspont.hr\/index.php?rest_route=%2Fwp%2Fv2%2Fcomments&post=189"}],"version-history":[{"count":6,"href":"https:\/\/rspont.hr\/index.php?rest_route=\/wp\/v2\/pages\/189\/revisions"}],"predecessor-version":[{"id":424,"href":"https:\/\/rspont.hr\/index.php?rest_route=\/wp\/v2\/pages\/189\/revisions\/424"}],"wp:featuredmedia":[{"embeddable":true,"href":"https:\/\/rspont.hr\/index.php?rest_route=\/"}],"wp:attachment":[{"href":"https:\/\/rspont.hr\/index.php?rest_route=%2Fwp%2Fv2%2Fmedia&parent=189"}],"curies":[{"name":"wp","href":"https:\/\/api.w.org\/{rel}","templated":true}]}}